{"id":90,"date":"2009-07-27T06:56:50","date_gmt":"2009-07-27T13:56:50","guid":{"rendered":"http:\/\/www.sumaclick.com\/owens\/?page_id=2"},"modified":"2009-07-27T06:56:50","modified_gmt":"2009-07-27T13:56:50","slug":"about-2","status":"publish","type":"page","link":"https:\/\/doctorthomasowens.com\/?page_id=90","title":{"rendered":"Sobre este sitio"},"content":{"rendered":"<p><img loading=\"lazy\" decoding=\"async\" src=\"http:\/\/doctorthomasowens.com\/wp-content\/uploads\/2009\/09\/calletomasowens.jpg\" alt=\"calletomasowens\" title=\"calletomasowens\" width=\"500\" height=\"375\" class=\"alignleft size-full wp-image-38\" srcset=\"https:\/\/doctorthomasowens.com\/wp-content\/uploads\/2009\/09\/calletomasowens.jpg 500w, https:\/\/doctorthomasowens.com\/wp-content\/uploads\/2009\/09\/calletomasowens-300x225.jpg 300w\" sizes=\"auto, (max-width: 500px) 100vw, 500px\" \/><\/p>\n<p style=\"margin: 0.0px 0.0px 0.0px 0.0px;  'Times New Roman';\"><span style=\"letter-spacing: 0.0px;\">Hemos querido a trav\u00e9s de esta p\u00e1gina, rendir homenaje a nuestro padre, Thomas Owens. <\/span><\/p>\n<p>Amaba la medicina, su profesi\u00f3n, pero ten\u00eda m\u00faltiples intereses, que lo hac\u00edan muy parecido a un hombre renacentista: igual conversaba sobre m\u00fasica cl\u00e1sica que sobre pintura impresionista o literatura barroca, comandaba una lancha de motor, trabajaba en carpinter\u00eda o produc\u00eda un esmerado trabajo de alba\u00f1il. Tambi\u00e9n tocaba la harm\u00f3nica a la que llamaba la dulzaina.<\/p>\n<p>A pesar sus largas horas de trabajo, siempre encontraba tiempo para compartir\u2026 tanto viajes a Costa Rica, como a esquiar al Lago Madden, a la isla en el Canal de Panam\u00e1, a Taboga o a Punta Chame. En sus \u00faltimos a\u00f1os nos acompa\u00f1aba a la liga de bolos o a los juegos de voleyball en el Club Uni\u00f3n, nos junt\u00e1bamos en alg\u00fan viaje o crucero. Su mayor alegri\u00eda estaba en compartir momentos sencillos siempre en familia, con su querida Cris y con sus hijos o nietos.<\/p>\n<p>Su amor por su familia, por la medicina, por la educaci\u00f3n han quedado de manifiesto a trav\u00e9s de los cientos de art\u00edculos que escribi\u00f3, en la revista Loter\u00eda, en peri\u00f3dicos locales y en innumerables otras publicaciones.<\/p>\n<p>Sus archivos muestran la seriedad con que preparaba todos sus escritos. N\u00edtidamente organizados, en ellos se encontraban los borradores, las fuentes y las publicaciones de sus art\u00edculos y en algunos casos, hasta los diskettes en los cuales se encontraba la informaci\u00f3n.<\/p>\n<p>Esperamos que los lectores de esta p\u00e1gina encuentren en ella una forma de conocer m\u00e1s sobre los temas m\u00e9dicos que tanto le interesaban; sobre la Facultad de Medicina de la Universidad de Panam\u00e1 de la que se sent\u00eda orgulloso de formar parte y a la cual dedic\u00f3 gran parte de su vida, y sobre los grandes m\u00e9dicos que fueron sus profesores.<\/p>\n<p>Su esposa Cris.<br \/>\nSus hijos, Tom\u00e1s, Patricia, Jaime, Rams\u00e9s y Carlos<br \/>\nOctubre de 2009<\/p>\n","protected":false},"excerpt":{"rendered":"<p>Hemos querido a trav\u00e9s de esta p\u00e1gina, rendir homenaje a nuestro padre, Thomas Owens. Amaba la medicina, su profesi\u00f3n, pero ten\u00eda m\u00faltiples intereses, que lo hac\u00edan muy parecido a un hombre renacentista: igual conversaba sobre m\u00fasica cl\u00e1sica que sobre pintura&hellip;<\/p>\n<p class=\"more-link-p\"><a class=\"more-link\" href=\"https:\/\/doctorthomasowens.com\/?page_id=90\">Read more &rarr;<\/a><\/p>\n","protected":false},"author":2,"featured_media":0,"parent":0,"menu_order":0,"comment_status":"closed","ping_status":"closed","template":"","meta":{"footnotes":""},"class_list":["post-90","page","type-page","status-publish","hentry"],"_links":{"self":[{"href":"https:\/\/doctorthomasowens.com\/index.php?rest_route=\/wp\/v2\/pages\/90","targetHints":{"allow":["GET"]}}],"collection":[{"href":"https:\/\/doctorthomasowens.com\/index.php?rest_route=\/wp\/v2\/pages"}],"about":[{"href":"https:\/\/doctorthomasowens.com\/index.php?rest_route=\/wp\/v2\/types\/page"}],"author":[{"embeddable":true,"href":"https:\/\/doctorthomasowens.com\/index.php?rest_route=\/wp\/v2\/users\/2"}],"replies":[{"embeddable":true,"href":"https:\/\/doctorthomasowens.com\/index.php?rest_route=%2Fwp%2Fv2%2Fcomments&post=90"}],"version-history":[{"count":0,"href":"https:\/\/doctorthomasowens.com\/index.php?rest_route=\/wp\/v2\/pages\/90\/revisions"}],"wp:attachment":[{"href":"https:\/\/doctorthomasowens.com\/index.php?rest_route=%2Fwp%2Fv2%2Fmedia&parent=90"}],"curies":[{"name":"wp","href":"https:\/\/api.w.org\/{rel}","templated":true}]}}